{"id":14,"date":"2015-07-17T12:47:53","date_gmt":"2015-07-17T10:47:53","guid":{"rendered":"http:\/\/immo.mygigahost.de\/immo-management\/?page_id=14"},"modified":"2015-11-23T09:30:23","modified_gmt":"2015-11-23T08:30:23","slug":"dienstleistungen","status":"publish","type":"page","link":"https:\/\/immobilienarta.com\/immo-management\/dienstleistungen\/","title":{"rendered":"Service &#038; Management"},"content":{"rendered":"<p><strong>Eine \u00dcbersicht aus unserem Leistungskatalog<\/strong><\/p>\n<ul>\n<li>Immobilien \u2013 Kauf, Verkauf und Vermietung<\/li>\n<li>Immobilien \u2013 Pflege und Service<\/li>\n<li>Betreuung \u2013 Haus, Garten und Grundst\u00fcck<\/li>\n<li>Technik Management \u2013 Pool, Haustechnik und Infrastruktur<\/li>\n<\/ul>\n<p>Wir k\u00f6nnen hier nicht alle Leistungen auflisten. Es ist f\u00fcr uns selbstverst\u00e4ndlich<br \/>\nIhre anspruchsvollen und individuellen W\u00fcnsche zu erf\u00fcllen. Nat\u00fcrlich alles nach<br \/>\nAbsprache und Angebot.<\/p>\n<hr \/>\n<figure style=\"width: 151px\" class=\"wp-caption alignright\"><a href=\"http:\/\/www.artabau.com\" target=\"_blank\"><img loading=\"lazy\" src=\"http:\/\/www.immobilienarta.com\/immo-management\/wp-content\/uploads\/2015\/07\/arta-bau.png\" alt=\"Arta, Bau, Artabau, Mallorca\" width=\"151\" height=\"93\" \/><\/a><figcaption class=\"wp-caption-text\">Ihr Bauspezialist in Art\u00e0 auf Mallorca<\/figcaption><\/figure>\n<p><strong>Sie wollen auf Mallorca ein Haus \/ eine Finca neu bauen?<\/strong><\/p>\n<p>Oder wollen Sie Ihre bestehende Immobilie umbauen oder erweitern lassen?<\/p>\n<p>Wir arbeiten seit Jahren mit dem Bauspezialisten auf<br \/>\nMallorca erfolgreich zusammen. Sprechen Sie mit uns, wir<br \/>\nk\u00f6nnen Ihnen weiter helfen.<\/p>\n","protected":false},"excerpt":{"rendered":"<p>Eine \u00dcbersicht aus unserem Leistungskatalog Immobilien \u2013 Kauf, Verkauf und Vermietung Immobilien \u2013 Pflege und Service Betreuung \u2013 Haus, Garten und Grundst\u00fcck Technik Management \u2013 Pool, Haustechnik und Infrastruktur Wir k\u00f6nnen hier nicht alle Leistungen auflisten. Es ist f\u00fcr uns&#8230; <a href=\"https:\/\/immobilienarta.com\/immo-management\/dienstleistungen\/\" class=\"read-more\">Mehr lesen<\/a><\/p>\n","protected":false},"author":1,"featured_media":0,"parent":0,"menu_order":0,"comment_status":"closed","ping_status":"open","template":"templates\/no-sidebar.php","meta":[],"_links":{"self":[{"href":"https:\/\/immobilienarta.com\/immo-management\/wp-json\/wp\/v2\/pages\/14"}],"collection":[{"href":"https:\/\/immobilienarta.com\/immo-management\/wp-json\/wp\/v2\/pages"}],"about":[{"href":"https:\/\/immobilienarta.com\/immo-management\/wp-json\/wp\/v2\/types\/page"}],"author":[{"embeddable":true,"href":"https:\/\/immobilienarta.com\/immo-management\/wp-json\/wp\/v2\/users\/1"}],"replies":[{"embeddable":true,"href":"https:\/\/immobilienarta.com\/immo-management\/wp-json\/wp\/v2\/comments?post=14"}],"version-history":[{"count":21,"href":"https:\/\/immobilienarta.com\/immo-management\/wp-json\/wp\/v2\/pages\/14\/revisions"}],"predecessor-version":[{"id":323,"href":"https:\/\/immobilienarta.com\/immo-management\/wp-json\/wp\/v2\/pages\/14\/revisions\/323"}],"wp:attachment":[{"href":"https:\/\/immobilienarta.com\/immo-management\/wp-json\/wp\/v2\/media?parent=14"}],"curies":[{"name":"wp","href":"https:\/\/api.w.org\/{rel}","templated":true}]}}