{"id":61,"date":"2015-08-10T13:54:48","date_gmt":"2015-08-10T11:54:48","guid":{"rendered":"http:\/\/immo.mygigahost.de\/immo-management\/?page_id=61"},"modified":"2018-02-23T12:23:28","modified_gmt":"2018-02-23T11:23:28","slug":"ueber-uns","status":"publish","type":"page","link":"https:\/\/immobilienarta.com\/immo-management\/ueber-uns\/","title":{"rendered":"\u00dcber uns"},"content":{"rendered":"<h3>Seit 25 Jahren &#8230;<\/h3>\n<p><strong>\u201eWir bieten Ihnen den richtigen Service, <\/strong><strong>wann immer er gebraucht wird\u201c<\/strong><\/p>\n<p>Das sagen zwar viele Mitbewerber, bei uns ist es der Grundgedanke f\u00fcr das<br \/>\nVerh\u00e4ltnis zu unseren Kunden. Die f\u00fcnfundzwanzigj\u00e4hrige Erfahrung unseres Teams<br \/>\nund die unterschiedlichsten Herausforderungen im t\u00e4glichen Betreuungsalltag<br \/>\nbei Kauf und Verkauf ist die Basis f\u00fcr eine dauerhafte Zusammenarbeit.<br \/>\nEs ist die Voraussetzung f\u00fcr ein langfristiges Miteinander.<\/p>\n","protected":false},"excerpt":{"rendered":"<p>Seit 25 Jahren &#8230; \u201eWir bieten Ihnen den richtigen Service, wann immer er gebraucht wird\u201c Das sagen zwar viele Mitbewerber, bei uns ist es der Grundgedanke f\u00fcr das Verh\u00e4ltnis zu unseren Kunden. Die f\u00fcnfundzwanzigj\u00e4hrige Erfahrung unseres Teams und die unterschiedlichsten&#8230; <a href=\"https:\/\/immobilienarta.com\/immo-management\/ueber-uns\/\" class=\"read-more\">Mehr lesen<\/a><\/p>\n","protected":false},"author":1,"featured_media":0,"parent":0,"menu_order":0,"comment_status":"closed","ping_status":"open","template":"templates\/no-sidebar.php","meta":[],"_links":{"self":[{"href":"https:\/\/immobilienarta.com\/immo-management\/wp-json\/wp\/v2\/pages\/61"}],"collection":[{"href":"https:\/\/immobilienarta.com\/immo-management\/wp-json\/wp\/v2\/pages"}],"about":[{"href":"https:\/\/immobilienarta.com\/immo-management\/wp-json\/wp\/v2\/types\/page"}],"author":[{"embeddable":true,"href":"https:\/\/immobilienarta.com\/immo-management\/wp-json\/wp\/v2\/users\/1"}],"replies":[{"embeddable":true,"href":"https:\/\/immobilienarta.com\/immo-management\/wp-json\/wp\/v2\/comments?post=61"}],"version-history":[{"count":7,"href":"https:\/\/immobilienarta.com\/immo-management\/wp-json\/wp\/v2\/pages\/61\/revisions"}],"predecessor-version":[{"id":811,"href":"https:\/\/immobilienarta.com\/immo-management\/wp-json\/wp\/v2\/pages\/61\/revisions\/811"}],"wp:attachment":[{"href":"https:\/\/immobilienarta.com\/immo-management\/wp-json\/wp\/v2\/media?parent=61"}],"curies":[{"name":"wp","href":"https:\/\/api.w.org\/{rel}","templated":true}]}}